{"id":44,"date":"2025-06-14T22:23:45","date_gmt":"2025-06-14T20:23:45","guid":{"rendered":"http:\/\/www.parkomat.tech\/?page_id=44"},"modified":"2026-03-05T00:05:05","modified_gmt":"2026-03-04T23:05:05","slug":"strona-glowna","status":"publish","type":"page","link":"https:\/\/www.parkomat.tech\/","title":{"rendered":"Strona G\u0142\u00f3wna"},"content":{"rendered":"\t\t<div data-elementor-type=\"wp-post\" data-elementor-id=\"44\" class=\"elementor elementor-44\">\n\t\t\t\t<div class=\"elementor-element elementor-element-7252f40 e-flex e-con-boxed e-con e-parent\" data-id=\"7252f40\" data-element_type=\"container\" data-e-type=\"container\">\n\t\t\t\t\t<div class=\"e-con-inner\">\n\t\t\t\t<div class=\"elementor-element elementor-element-3ae7249 elementor-widget elementor-widget-text-editor\" data-id=\"3ae7249\" data-element_type=\"widget\" data-e-type=\"widget\" data-widget_type=\"text-editor.default\">\n\t\t\t\t<div class=\"elementor-widget-container\">\n\t\t\t\t\t\t\t\t\t<h3 data-start=\"181\" data-end=\"280\"><strong data-start=\"185\" data-end=\"280\">Kompleksowy serwis i konserwacja parkomat\u00f3w \u2013 niezawodne wsparcie techniczne w ca\u0142ej Polsce<\/strong><\/h3><p data-start=\"282\" data-end=\"570\">Nasza firma specjalizuje si\u0119 w kompleksowej obs\u0142udze technicznej parkomat\u00f3w oraz urz\u0105dze\u0144 s\u0142u\u017c\u0105cych do poboru op\u0142at parkingowych. Zapewniamy pe\u0142ne wsparcie serwisowe \u2013 od szybkiego reagowania na zg\u0142oszenia, przez regularne przegl\u0105dy techniczne, a\u017c po modernizacj\u0119 i aktualizacj\u0119 system\u00f3w.<\/p><p data-start=\"572\" data-end=\"874\">\u015awiadczymy us\u0142ugi zar\u00f3wno dla <strong data-start=\"602\" data-end=\"628\">instytucji publicznych<\/strong>, takich jak urz\u0119dy miast, gmin czy zarz\u0105dy dr\u00f3g, jak i dla <strong data-start=\"688\" data-end=\"711\">klient\u00f3w prywatnych<\/strong> \u2013 w tym operator\u00f3w prywatnych stref p\u0142atnego parkowania, centr\u00f3w handlowych, szpitali, wsp\u00f3lnot mieszkaniowych oraz firm zarz\u0105dzaj\u0105cych infrastruktur\u0105 parkingow\u0105.<\/p><h4 data-start=\"876\" data-end=\"917\">Zakres naszych us\u0142ug obejmuje m.in.:<\/h4><ul data-start=\"918\" data-end=\"1214\"><li data-start=\"918\" data-end=\"963\"><p data-start=\"920\" data-end=\"963\">Diagnostyk\u0119 i napraw\u0119 usterek technicznych,<\/p><\/li><li data-start=\"964\" data-end=\"1009\"><p data-start=\"966\" data-end=\"1009\">Regularne przegl\u0105dy i konserwacj\u0119 urz\u0105dze\u0144,<\/p><\/li><li data-start=\"1010\" data-end=\"1064\"><p data-start=\"1012\" data-end=\"1064\">Aktualizacj\u0119 oprogramowania i konfiguracji system\u00f3w,<\/p><\/li><li data-start=\"1065\" data-end=\"1107\"><p data-start=\"1067\" data-end=\"1107\">Monta\u017c i demonta\u017c urz\u0105dze\u0144 parkingowych,<\/p><\/li><li data-start=\"1108\" data-end=\"1162\"><p data-start=\"1110\" data-end=\"1162\">Wymian\u0119 oraz dostaw\u0119 oryginalnych cz\u0119\u015bci zamiennych,<\/p><\/li><li data-start=\"1163\" data-end=\"1214\"><p data-start=\"1165\" data-end=\"1214\">Modernizacj\u0119 i rozbudow\u0119 istniej\u0105cych urz\u0105dze\u0144.<\/p><\/li><\/ul><p data-start=\"1216\" data-end=\"1462\">Dzi\u0119ki bogatemu do\u015bwiadczeniu i znajomo\u015bci szerokiego wachlarza urz\u0105dze\u0144 r\u00f3\u017cnych producent\u00f3w (m.in. Parkeon, Flowbird, Hectronic, Cale, Skidata i inne), jeste\u015bmy w stanie sprosta\u0107 wymaganiom nawet najbardziej zaawansowanych system\u00f3w parkingowych.<\/p><h4 data-start=\"1464\" data-end=\"1495\">Dlaczego warto nam zaufa\u0107?<\/h4><ul data-start=\"1496\" data-end=\"1992\"><li data-start=\"1496\" data-end=\"1584\"><p data-start=\"1498\" data-end=\"1584\"><strong data-start=\"1498\" data-end=\"1521\">Szybki czas reakcji<\/strong> \u2013 rozumiemy, \u017ce czas przestoju to realne straty dla operatora.<\/p><\/li><li data-start=\"1585\" data-end=\"1706\"><p data-start=\"1587\" data-end=\"1706\"><strong data-start=\"1587\" data-end=\"1610\">Wysoka jako\u015b\u0107 us\u0142ug<\/strong> \u2013 ka\u017cda interwencja jest realizowana zgodnie z obowi\u0105zuj\u0105cymi normami i zaleceniami producenta.<\/p><\/li><li data-start=\"1707\" data-end=\"1838\"><p data-start=\"1709\" data-end=\"1838\"><strong data-start=\"1709\" data-end=\"1732\">Do\u015bwiadczony zesp\u00f3\u0142<\/strong> \u2013 nasi technicy to wykwalifikowani specjali\u015bci, dla kt\u00f3rych niezawodno\u015b\u0107 i bezpiecze\u0144stwo s\u0105 priorytetem.<\/p><\/li><li data-start=\"1839\" data-end=\"1992\"><p data-start=\"1841\" data-end=\"1992\"><strong data-start=\"1841\" data-end=\"1870\">Elastyczno\u015b\u0107 i dost\u0119pno\u015b\u0107<\/strong> \u2013 dzia\u0142amy na terenie ca\u0142ej Polski, oferuj\u0105c zar\u00f3wno serwis dora\u017any, jak i kompleksow\u0105 obs\u0142ug\u0119 w formie umowy serwisowej.<\/p><\/li><\/ul><h4 data-start=\"1994\" data-end=\"2011\">Obs\u0142ugujemy:<\/h4><ul data-start=\"2012\" data-end=\"2264\"><li data-start=\"2012\" data-end=\"2046\"><p data-start=\"2014\" data-end=\"2046\">Parkomaty i systemy parkingowe,<\/p><\/li><li data-start=\"2047\" data-end=\"2107\"><p data-start=\"2049\" data-end=\"2107\">Urz\u0105dzenia p\u0142atnicze zintegrowane z aplikacjami mobilnymi,<\/p><\/li><li data-start=\"2108\" data-end=\"2137\"><p data-start=\"2110\" data-end=\"2137\">Terminale kart p\u0142atniczych,<\/p><\/li><li data-start=\"2138\" data-end=\"2189\"><p data-start=\"2140\" data-end=\"2189\">Systemy solarne i sieciowe zasilaj\u0105ce urz\u0105dzenia,<\/p><\/li><li data-start=\"2190\" data-end=\"2264\"><p data-start=\"2192\" data-end=\"2264\">Infrastruktur\u0119 towarzysz\u0105c\u0105 (np. maszty, oznakowanie, zewn\u0119trzne zasilanie).<\/p><\/li><\/ul><p data-start=\"2266\" data-end=\"2499\">Jako partner techniczny wsp\u00f3\u0142pracujemy zar\u00f3wno z producentami urz\u0105dze\u0144, jak i operatorami oraz zarz\u0105dcami stref p\u0142atnego parkowania. Znamy specyfik\u0119 pracy \u201ew terenie\u201d i dzia\u0142amy zawsze z my\u015bl\u0105 o minimalizacji niedost\u0119pno\u015bci urz\u0105dze\u0144.<\/p>\t\t\t\t\t\t\t\t<\/div>\n\t\t\t\t<\/div>\n\t\t\t\t\t<\/div>\n\t\t\t\t<\/div>\n\t\t\t\t<\/div>\n\t\t","protected":false},"excerpt":{"rendered":"<p>Kompleksowy serwis i konserwacja parkomat\u00f3w \u2013 niezawodne wsparcie techniczne w ca\u0142ej Polsce Nasza firma specjalizuje si\u0119 w kompleksowej obs\u0142udze technicznej [&hellip;]<\/p>\n","protected":false},"author":1,"featured_media":0,"parent":0,"menu_order":0,"comment_status":"closed","ping_status":"closed","template":"","meta":{"site-sidebar-layout":"no-sidebar","site-content-layout":"","ast-site-content-layout":"full-width-container","site-content-style":"default","site-sidebar-style":"default","ast-global-header-display":"","ast-banner-title-visibility":"","ast-main-header-display":"","ast-hfb-above-header-display":"","ast-hfb-below-header-display":"","ast-hfb-mobile-header-display":"","site-post-title":"","ast-breadcrumbs-content":"","ast-featured-img":"disabled","footer-sml-layout":"","ast-disable-related-posts":"","theme-transparent-header-meta":"","adv-header-id-meta":"","stick-header-meta":"","header-above-stick-meta":"","header-main-stick-meta":"","header-below-stick-meta":"","astra-migrate-meta-layouts":"default","ast-page-background-enabled":"default","ast-page-background-meta":{"desktop":{"background-color":"var(--ast-global-color-5)","background-image":"","background-repeat":"repeat","background-position":"center center","background-size":"auto","background-attachment":"scroll","background-type":"","background-media":"","overlay-type":"","overlay-color":"","overlay-opacity":"","overlay-gradient":""},"tablet":{"background-color":"","background-image":"","background-repeat":"repeat","background-position":"center center","background-size":"auto","background-attachment":"scroll","background-type":"","background-media":"","overlay-type":"","overlay-color":"","overlay-opacity":"","overlay-gradient":""},"mobile":{"background-color":"","background-image":"","background-repeat":"repeat","background-position":"center center","background-size":"auto","background-attachment":"scroll","background-type":"","background-media":"","overlay-type":"","overlay-color":"","overlay-opacity":"","overlay-gradient":""}},"ast-content-background-meta":{"desktop":{"background-color":"var(--ast-global-color-4)","background-image":"","background-repeat":"repeat","background-position":"center center","background-size":"auto","background-attachment":"scroll","background-type":"","background-media":"","overlay-type":"","overlay-color":"","overlay-opacity":"","overlay-gradient":""},"tablet":{"background-color":"var(--ast-global-color-4)","background-image":"","background-repeat":"repeat","background-position":"center center","background-size":"auto","background-attachment":"scroll","background-type":"","background-media":"","overlay-type":"","overlay-color":"","overlay-opacity":"","overlay-gradient":""},"mobile":{"background-color":"var(--ast-global-color-4)","background-image":"","background-repeat":"repeat","background-position":"center center","background-size":"auto","background-attachment":"scroll","background-type":"","background-media":"","overlay-type":"","overlay-color":"","overlay-opacity":"","overlay-gradient":""}},"footnotes":""},"class_list":["post-44","page","type-page","status-publish","hentry"],"_links":{"self":[{"href":"https:\/\/www.parkomat.tech\/index.php\/wp-json\/wp\/v2\/pages\/44","targetHints":{"allow":["GET"]}}],"collection":[{"href":"https:\/\/www.parkomat.tech\/index.php\/wp-json\/wp\/v2\/pages"}],"about":[{"href":"https:\/\/www.parkomat.tech\/index.php\/wp-json\/wp\/v2\/types\/page"}],"author":[{"embeddable":true,"href":"https:\/\/www.parkomat.tech\/index.php\/wp-json\/wp\/v2\/users\/1"}],"replies":[{"embeddable":true,"href":"https:\/\/www.parkomat.tech\/index.php\/wp-json\/wp\/v2\/comments?post=44"}],"version-history":[{"count":45,"href":"https:\/\/www.parkomat.tech\/index.php\/wp-json\/wp\/v2\/pages\/44\/revisions"}],"predecessor-version":[{"id":381,"href":"https:\/\/www.parkomat.tech\/index.php\/wp-json\/wp\/v2\/pages\/44\/revisions\/381"}],"wp:attachment":[{"href":"https:\/\/www.parkomat.tech\/index.php\/wp-json\/wp\/v2\/media?parent=44"}],"curies":[{"name":"wp","href":"https:\/\/api.w.org\/{rel}","templated":true}]}}